{"id":187,"date":"2025-03-03T17:32:32","date_gmt":"2025-03-03T16:32:32","guid":{"rendered":"http:\/\/tiendafebf.local\/?page_id=187"},"modified":"2025-03-24T14:29:44","modified_gmt":"2025-03-24T13:29:44","slug":"quienes-somos","status":"publish","type":"page","link":"https:\/\/febf.org\/tienda\/quienes-somos\/","title":{"rendered":"Quienes somos"},"content":{"rendered":"\t\t<div data-elementor-type=\"wp-page\" data-elementor-id=\"187\" class=\"elementor elementor-187\">\n\t\t\t\t\t\t<section class=\"has_eae_slider elementor-section elementor-top-section elementor-element elementor-element-f2460e8 elementor-section-boxed elementor-section-height-default elementor-section-height-default\" data-eae-slider=\"35021\" data-id=\"f2460e8\" data-element_type=\"section\" data-e-type=\"section\">\n\t\t\t\t\t\t<div class=\"elementor-container elementor-column-gap-default\">\n\t\t\t\t\t<div class=\"has_eae_slider elementor-column elementor-col-100 elementor-top-column elementor-element elementor-element-3480e84\" data-eae-slider=\"43167\" data-id=\"3480e84\" data-element_type=\"column\" data-e-type=\"column\">\n\t\t\t<div class=\"elementor-widget-wrap elementor-element-populated\">\n\t\t\t\t\t\t<div class=\"elementor-element elementor-element-4ce7ad7 elementor-widget elementor-widget-heading\" data-id=\"4ce7ad7\" data-element_type=\"widget\" data-e-type=\"widget\" data-widget_type=\"heading.default\">\n\t\t\t\t<div class=\"elementor-widget-container\">\n\t\t\t\t\t<h2 class=\"elementor-heading-title elementor-size-default\">Quienes Somos<\/h2>\t\t\t\t<\/div>\n\t\t\t\t<\/div>\n\t\t\t\t<section class=\"has_eae_slider elementor-section elementor-inner-section elementor-element elementor-element-e076365 elementor-section-boxed elementor-section-height-default elementor-section-height-default\" data-eae-slider=\"59921\" data-id=\"e076365\" data-element_type=\"section\" data-e-type=\"section\" data-settings=\"{&quot;background_background&quot;:&quot;classic&quot;}\">\n\t\t\t\t\t\t<div class=\"elementor-container elementor-column-gap-no\">\n\t\t\t\t\t<div class=\"has_eae_slider elementor-column elementor-col-50 elementor-inner-column elementor-element elementor-element-a0b0812\" data-eae-slider=\"99793\" data-id=\"a0b0812\" data-element_type=\"column\" data-e-type=\"column\">\n\t\t\t<div class=\"elementor-widget-wrap elementor-element-populated\">\n\t\t\t\t\t\t<div class=\"elementor-element elementor-element-8fa2196 elementor-widget elementor-widget-image\" data-id=\"8fa2196\" data-element_type=\"widget\" data-e-type=\"widget\" data-widget_type=\"image.default\">\n\t\t\t\t<div class=\"elementor-widget-container\">\n\t\t\t\t\t\t\t\t\t\t\t\t\t\t\t<img fetchpriority=\"high\" decoding=\"async\" width=\"720\" height=\"379\" src=\"https:\/\/febf.org\/tienda\/wp-content\/uploads\/sites\/3\/2025\/03\/foto_palacio.webp\" class=\"attachment-large size-large wp-image-193\" alt=\"\" srcset=\"https:\/\/febf.org\/tienda\/wp-content\/uploads\/sites\/3\/2025\/03\/foto_palacio.webp 720w, https:\/\/febf.org\/tienda\/wp-content\/uploads\/sites\/3\/2025\/03\/foto_palacio-300x158.webp 300w, https:\/\/febf.org\/tienda\/wp-content\/uploads\/sites\/3\/2025\/03\/foto_palacio-600x316.webp 600w\" sizes=\"(max-width: 720px) 100vw, 720px\" \/>\t\t\t\t\t\t\t\t\t\t\t\t\t\t\t<\/div>\n\t\t\t\t<\/div>\n\t\t\t\t\t<\/div>\n\t\t<\/div>\n\t\t\t\t<div class=\"has_eae_slider elementor-column elementor-col-50 elementor-inner-column elementor-element elementor-element-0970e50\" data-eae-slider=\"63143\" data-id=\"0970e50\" data-element_type=\"column\" data-e-type=\"column\">\n\t\t\t<div class=\"elementor-widget-wrap elementor-element-populated\">\n\t\t\t\t\t\t<div class=\"elementor-element elementor-element-edd9531 elementor-widget elementor-widget-heading\" data-id=\"edd9531\" data-element_type=\"widget\" data-e-type=\"widget\" data-widget_type=\"heading.default\">\n\t\t\t\t<div class=\"elementor-widget-container\">\n\t\t\t\t\t<h2 class=\"elementor-heading-title elementor-size-default\">Objetivo fomentar la cultura y la educaci\u00f3n financiera en la Comunitat Valenciana a trav\u00e9s de actividades formativas y publicaciones.\n<\/h2>\t\t\t\t<\/div>\n\t\t\t\t<\/div>\n\t\t\t\t\t<\/div>\n\t\t<\/div>\n\t\t\t\t\t<\/div>\n\t\t<\/section>\n\t\t\t\t<div class=\"elementor-element elementor-element-c949eb3 elementor-widget elementor-widget-text-editor\" data-id=\"c949eb3\" data-element_type=\"widget\" data-e-type=\"widget\" data-widget_type=\"text-editor.default\">\n\t\t\t\t<div class=\"elementor-widget-container\">\n\t\t\t\t\t\t\t\t\t<p>La Fundaci\u00f3n de Estudios Burs\u00e1tiles y Financieros naci\u00f3 el 20 de abril de 1990 con el objetivo prioritario de apoyar el desarrollo de los mercados financieros valencianos y mejorar la cultura burs\u00e1til y financiera de las empresas, inversores e intermediarios de la Comunitat Valenciana. Y en sus m\u00e1s 30 a\u00f1os de existencia, la FEBF ha participado en estudios y proyectos, cumpliendo del objetivo fundacional de consolidar a la Comunitat Valenciana como una plaza financiera de referencia.<\/p><p>La Fundaci\u00f3n cuenta con el respaldo y la colaboraci\u00f3n activa de las principales instituciones tanto en el \u00e1mbito regional de la Comunitat Valenciana como en el resto de Espa\u00f1a, as\u00ed como de las empresas y despachos de mayor prestigio tanto a nivel nacional como internacional. Es una entidad sin \u00e1nimo de lucro, compuesta por un amplio grupo de empresas industriales y de servicios, entidades financieras, consultoras, empresas de servicios de inversi\u00f3n, fintech y despachos profesionales de las tres provincias de la Comunitat Valenciana.<\/p><p>A lo largo de m\u00e1s de dos d\u00e9cadas de existencia la FEBF ha recibido numerosos premios y galardones a su buen hacer y formaci\u00f3n de calidad. En 1993, la Fundaci\u00f3n Universidad Empresa ADEIT otorg\u00f3 el premio Cooperaci\u00f3 Universitat y Societat, un a\u00f1o despu\u00e9s Encomia 3 permio a la Fundaci\u00f3n por su labor docente, en 2004 fue la C\u00e1mara de Comercio la que nos concedi\u00f3 el Premio Extraordinario y en el 2010 el diario Levante-EMV reconoci\u00f3 la excelente labor de divulgaci\u00f3n de la cultura burs\u00e1til y financiera en nuestro territorio.<\/p><p>Quiz\u00e1s uno de los premios m\u00e1s relevantes para esta casa fue el otorgado en el 2001 por Econom\u00eda 3 al M\u00e1ster Burs\u00e1til y Financiero, posgrado estandarte de esta entidad y el primero en la Comunitat Valenciana especializado en mercados financieros y finanzas corporativas, actualmente este M\u00e1ster se realiza en colaboraci\u00f3n con la Universidad Cardenal Herrera.<\/p>\t\t\t\t\t\t\t\t<\/div>\n\t\t\t\t<\/div>\n\t\t\t\t\t<\/div>\n\t\t<\/div>\n\t\t\t\t\t<\/div>\n\t\t<\/section>\n\t\t\t\t<\/div>\n\t\t","protected":false},"excerpt":{"rendered":"<p>Quienes Somos Objetivo fomentar la cultura y la educaci\u00f3n financiera en la Comunitat Valenciana a trav\u00e9s de actividades formativas y publicaciones. La Fundaci\u00f3n de Estudios Burs\u00e1tiles y Financieros naci\u00f3 el [&hellip;]<\/p>\n","protected":false},"author":5,"featured_media":0,"parent":0,"menu_order":0,"comment_status":"closed","ping_status":"closed","template":"","meta":{"_EventAllDay":false,"_EventTimezone":"","_EventStartDate":"","_EventEndDate":"","_EventStartDateUTC":"","_EventEndDateUTC":"","_EventShowMap":false,"_EventShowMapLink":false,"_EventURL":"","_EventCost":"","_EventCostDescription":"","_EventCurrencySymbol":"","_EventCurrencyCode":"","_EventCurrencyPosition":"","_EventDateTimeSeparator":"","_EventTimeRangeSeparator":"","_EventOrganizerID":[],"_EventVenueID":[],"_OrganizerEmail":"","_OrganizerPhone":"","_OrganizerWebsite":"","_VenueAddress":"","_VenueCity":"","_VenueCountry":"","_VenueProvince":"","_VenueState":"","_VenueZip":"","_VenuePhone":"","_VenueURL":"","_VenueStateProvince":"","_VenueLat":"","_VenueLng":"","_VenueShowMap":false,"_VenueShowMapLink":false,"footnotes":""},"class_list":["post-187","page","type-page","status-publish","hentry"],"rttpg_featured_image_url":null,"rttpg_author":{"display_name":"","author_link":"https:\/\/febf.org\/tienda\/author\/"},"rttpg_comment":0,"rttpg_category":null,"rttpg_excerpt":"Quienes Somos Objetivo fomentar la cultura y la educaci\u00f3n financiera en la Comunitat Valenciana a trav\u00e9s de actividades formativas y publicaciones. La Fundaci\u00f3n de Estudios Burs\u00e1tiles y Financieros naci\u00f3 el [&hellip;]","_links":{"self":[{"href":"https:\/\/febf.org\/tienda\/wp-json\/wp\/v2\/pages\/187","targetHints":{"allow":["GET"]}}],"collection":[{"href":"https:\/\/febf.org\/tienda\/wp-json\/wp\/v2\/pages"}],"about":[{"href":"https:\/\/febf.org\/tienda\/wp-json\/wp\/v2\/types\/page"}],"author":[{"embeddable":true,"href":"https:\/\/febf.org\/tienda\/wp-json\/wp\/v2\/users\/5"}],"replies":[{"embeddable":true,"href":"https:\/\/febf.org\/tienda\/wp-json\/wp\/v2\/comments?post=187"}],"version-history":[{"count":10,"href":"https:\/\/febf.org\/tienda\/wp-json\/wp\/v2\/pages\/187\/revisions"}],"predecessor-version":[{"id":312,"href":"https:\/\/febf.org\/tienda\/wp-json\/wp\/v2\/pages\/187\/revisions\/312"}],"wp:attachment":[{"href":"https:\/\/febf.org\/tienda\/wp-json\/wp\/v2\/media?parent=187"}],"curies":[{"name":"wp","href":"https:\/\/api.w.org\/{rel}","templated":true}]}}