{"id":32,"date":"2025-03-03T13:01:41","date_gmt":"2025-03-03T12:01:41","guid":{"rendered":"http:\/\/tiendafebf.local\/?post_type=product&#038;p=32"},"modified":"2025-03-03T13:01:43","modified_gmt":"2025-03-03T12:01:43","slug":"identifica-los-principales-kpi-en-tu-empresa","status":"publish","type":"product","link":"https:\/\/febf.org\/tienda\/producto\/identifica-los-principales-kpi-en-tu-empresa\/","title":{"rendered":"Identifica los principales KPI en tu empresa"},"content":{"rendered":"","protected":false},"excerpt":{"rendered":"<p>Con este seminario se desarrollar\u00e1 una visi\u00f3n pr\u00e1ctica sobre el dise\u00f1o e implantaci\u00f3n de indicadores de gesti\u00f3n empresarial: Los KPI\u2019s (Key Performance Indicators)<\/p>\n","protected":false},"featured_media":61,"comment_status":"open","ping_status":"closed","template":"","meta":{"_EventAllDay":false,"_EventTimezone":"","_EventStartDate":"","_EventEndDate":"","_EventStartDateUTC":"","_EventEndDateUTC":"","_EventShowMap":false,"_EventShowMapLink":false,"_EventURL":"","_EventCost":"","_EventCostDescription":"","_EventCurrencySymbol":"","_EventCurrencyCode":"","_EventCurrencyPosition":"","_EventDateTimeSeparator":"","_EventTimeRangeSeparator":"","_EventOrganizerID":[],"_EventVenueID":[],"_OrganizerEmail":"","_OrganizerPhone":"","_OrganizerWebsite":"","_VenueAddress":"","_VenueCity":"","_VenueCountry":"","_VenueProvince":"","_VenueState":"","_VenueZip":"","_VenuePhone":"","_VenueURL":"","_VenueStateProvince":"","_VenueLat":"","_VenueLng":"","_VenueShowMap":false,"_VenueShowMapLink":false},"product_brand":[],"product_cat":[18,20],"product_tag":[],"class_list":{"0":"post-32","1":"product","2":"type-product","3":"status-publish","4":"has-post-thumbnail","6":"product_cat-cursos","7":"product_cat-presencial","9":"first","10":"instock","11":"shipping-taxable","12":"purchasable","13":"product-type-simple"},"_links":{"self":[{"href":"https:\/\/febf.org\/tienda\/wp-json\/wp\/v2\/product\/32","targetHints":{"allow":["GET"]}}],"collection":[{"href":"https:\/\/febf.org\/tienda\/wp-json\/wp\/v2\/product"}],"about":[{"href":"https:\/\/febf.org\/tienda\/wp-json\/wp\/v2\/types\/product"}],"replies":[{"embeddable":true,"href":"https:\/\/febf.org\/tienda\/wp-json\/wp\/v2\/comments?post=32"}],"wp:featuredmedia":[{"embeddable":true,"href":"https:\/\/febf.org\/tienda\/wp-json\/wp\/v2\/media\/61"}],"wp:attachment":[{"href":"https:\/\/febf.org\/tienda\/wp-json\/wp\/v2\/media?parent=32"}],"wp:term":[{"taxonomy":"product_brand","embeddable":true,"href":"https:\/\/febf.org\/tienda\/wp-json\/wp\/v2\/product_brand?post=32"},{"taxonomy":"product_cat","embeddable":true,"href":"https:\/\/febf.org\/tienda\/wp-json\/wp\/v2\/product_cat?post=32"},{"taxonomy":"product_tag","embeddable":true,"href":"https:\/\/febf.org\/tienda\/wp-json\/wp\/v2\/product_tag?post=32"}],"curies":[{"name":"wp","href":"https:\/\/api.w.org\/{rel}","templated":true}]}}