{"id":40,"date":"2025-03-03T13:01:41","date_gmt":"2025-03-03T12:01:41","guid":{"rendered":"http:\/\/tiendafebf.local\/?post_type=product&#038;p=40"},"modified":"2025-03-03T13:01:49","modified_gmt":"2025-03-03T12:01:49","slug":"los-emprendedores-y-la-recuperacion-economica-como-desarrollar-y-financiera-mas-proyectos-empresariales-con-exito","status":"publish","type":"product","link":"https:\/\/febf.org\/tienda\/producto\/los-emprendedores-y-la-recuperacion-economica-como-desarrollar-y-financiera-mas-proyectos-empresariales-con-exito\/","title":{"rendered":"Los Emprendedores y la Recuperaci\u00f3n econ\u00f3mica: C\u00f3mo desarrollar y financiera m\u00e1s proyectos empresariales con \u00e9xito"},"content":{"rendered":"<p>El libro aborda diferentes aspectos clave en toda iniciativa emprendedora: la tipolog\u00eda de los emprendedores, la cohesi\u00f3n de equipos, las diferentes alternativas de financiaci\u00f3n, o la experiencia de las aceleradoras de empresas.<\/p>\n","protected":false},"excerpt":{"rendered":"<p>Cualquier momento es bueno para emprender y Espa\u00f1a est\u00e1 en un momento dulce para los emprendedores.<\/p>\n","protected":false},"featured_media":69,"comment_status":"open","ping_status":"closed","template":"","meta":{"_EventAllDay":false,"_EventTimezone":"","_EventStartDate":"","_EventEndDate":"","_EventStartDateUTC":"","_EventEndDateUTC":"","_EventShowMap":false,"_EventShowMapLink":false,"_EventURL":"","_EventCost":"","_EventCostDescription":"","_EventCurrencySymbol":"","_EventCurrencyCode":"","_EventCurrencyPosition":"","_EventDateTimeSeparator":"","_EventTimeRangeSeparator":"","_EventOrganizerID":[],"_EventVenueID":[],"_OrganizerEmail":"","_OrganizerPhone":"","_OrganizerWebsite":"","_VenueAddress":"","_VenueCity":"","_VenueCountry":"","_VenueProvince":"","_VenueState":"","_VenueZip":"","_VenuePhone":"","_VenueURL":"","_VenueStateProvince":"","_VenueLat":"","_VenueLng":"","_VenueShowMap":false,"_VenueShowMapLink":false},"product_brand":[],"product_cat":[22,21],"product_tag":[],"class_list":{"0":"post-40","1":"product","2":"type-product","3":"status-publish","4":"has-post-thumbnail","6":"product_cat-libros","7":"product_cat-publicaciones","9":"first","10":"instock","11":"shipping-taxable","12":"purchasable","13":"product-type-simple"},"_links":{"self":[{"href":"https:\/\/febf.org\/tienda\/wp-json\/wp\/v2\/product\/40","targetHints":{"allow":["GET"]}}],"collection":[{"href":"https:\/\/febf.org\/tienda\/wp-json\/wp\/v2\/product"}],"about":[{"href":"https:\/\/febf.org\/tienda\/wp-json\/wp\/v2\/types\/product"}],"replies":[{"embeddable":true,"href":"https:\/\/febf.org\/tienda\/wp-json\/wp\/v2\/comments?post=40"}],"wp:featuredmedia":[{"embeddable":true,"href":"https:\/\/febf.org\/tienda\/wp-json\/wp\/v2\/media\/69"}],"wp:attachment":[{"href":"https:\/\/febf.org\/tienda\/wp-json\/wp\/v2\/media?parent=40"}],"wp:term":[{"taxonomy":"product_brand","embeddable":true,"href":"https:\/\/febf.org\/tienda\/wp-json\/wp\/v2\/product_brand?post=40"},{"taxonomy":"product_cat","embeddable":true,"href":"https:\/\/febf.org\/tienda\/wp-json\/wp\/v2\/product_cat?post=40"},{"taxonomy":"product_tag","embeddable":true,"href":"https:\/\/febf.org\/tienda\/wp-json\/wp\/v2\/product_tag?post=40"}],"curies":[{"name":"wp","href":"https:\/\/api.w.org\/{rel}","templated":true}]}}