{"id":41,"date":"2025-03-03T13:01:41","date_gmt":"2025-03-03T12:01:41","guid":{"rendered":"http:\/\/tiendafebf.local\/?post_type=product&#038;p=41"},"modified":"2025-03-06T11:03:19","modified_gmt":"2025-03-06T10:03:19","slug":"el-arte-de-valorar-empresas","status":"publish","type":"product","link":"https:\/\/febf.org\/tienda\/producto\/el-arte-de-valorar-empresas\/","title":{"rendered":"El Arte de Valorar Empresas"},"content":{"rendered":"<p>En este manual se hace un repaso de los principales m\u00e9todos que utilizados en los procesos de valoraci\u00f3n. En primer t\u00e9rmino, se diferencian los conceptos de \u201cvalor\u201d y \u201cprecio\u201d, principio b\u00e1sico que hay que tener claro a la hora de realizar cualquier tipo de valoraci\u00f3n.<\/p>\n","protected":false},"excerpt":{"rendered":"<p>En este manual se hace un repaso de los principales m\u00e9todos que utilizados en los procesos de valoraci\u00f3n.<\/p>\n","protected":false},"featured_media":70,"comment_status":"open","ping_status":"closed","template":"","meta":{"_EventAllDay":false,"_EventTimezone":"","_EventStartDate":"","_EventEndDate":"","_EventStartDateUTC":"","_EventEndDateUTC":"","_EventShowMap":false,"_EventShowMapLink":false,"_EventURL":"","_EventCost":"","_EventCostDescription":"","_EventCurrencySymbol":"","_EventCurrencyCode":"","_EventCurrencyPosition":"","_EventDateTimeSeparator":"","_EventTimeRangeSeparator":"","_EventOrganizerID":[],"_EventVenueID":[],"_OrganizerEmail":"","_OrganizerPhone":"","_OrganizerWebsite":"","_VenueAddress":"","_VenueCity":"","_VenueCountry":"","_VenueProvince":"","_VenueState":"","_VenueZip":"","_VenuePhone":"","_VenueURL":"","_VenueStateProvince":"","_VenueLat":"","_VenueLng":"","_VenueShowMap":false,"_VenueShowMapLink":false},"product_brand":[],"product_cat":[22,21],"product_tag":[],"class_list":{"0":"post-41","1":"product","2":"type-product","3":"status-publish","4":"has-post-thumbnail","6":"product_cat-libros","7":"product_cat-publicaciones","9":"first","10":"instock","11":"shipping-taxable","12":"purchasable","13":"product-type-simple"},"_links":{"self":[{"href":"https:\/\/febf.org\/tienda\/wp-json\/wp\/v2\/product\/41","targetHints":{"allow":["GET"]}}],"collection":[{"href":"https:\/\/febf.org\/tienda\/wp-json\/wp\/v2\/product"}],"about":[{"href":"https:\/\/febf.org\/tienda\/wp-json\/wp\/v2\/types\/product"}],"replies":[{"embeddable":true,"href":"https:\/\/febf.org\/tienda\/wp-json\/wp\/v2\/comments?post=41"}],"wp:featuredmedia":[{"embeddable":true,"href":"https:\/\/febf.org\/tienda\/wp-json\/wp\/v2\/media\/70"}],"wp:attachment":[{"href":"https:\/\/febf.org\/tienda\/wp-json\/wp\/v2\/media?parent=41"}],"wp:term":[{"taxonomy":"product_brand","embeddable":true,"href":"https:\/\/febf.org\/tienda\/wp-json\/wp\/v2\/product_brand?post=41"},{"taxonomy":"product_cat","embeddable":true,"href":"https:\/\/febf.org\/tienda\/wp-json\/wp\/v2\/product_cat?post=41"},{"taxonomy":"product_tag","embeddable":true,"href":"https:\/\/febf.org\/tienda\/wp-json\/wp\/v2\/product_tag?post=41"}],"curies":[{"name":"wp","href":"https:\/\/api.w.org\/{rel}","templated":true}]}}