{"id":44,"date":"2025-03-03T13:01:41","date_gmt":"2025-03-03T12:01:41","guid":{"rendered":"http:\/\/tiendafebf.local\/?post_type=product&#038;p=44"},"modified":"2025-03-03T13:01:51","modified_gmt":"2025-03-03T12:01:51","slug":"el-sector-del-capital-riesgo-y-su-influencia-clave-en-la-recuperacion-de-la-economia-espanola","status":"publish","type":"product","link":"https:\/\/febf.org\/tienda\/producto\/el-sector-del-capital-riesgo-y-su-influencia-clave-en-la-recuperacion-de-la-economia-espanola\/","title":{"rendered":"El sector del capital riesgo y su influencia clave en la recuperaci\u00f3n de la econom\u00eda espa\u00f1ola"},"content":{"rendered":"<p>El capital riesgo agrupa diferentes entidades especializadas, que desarrollan su actividad mediante la aportaci\u00f3n de capital de forma temporal a determinadas empresas, con el objetivo de redise\u00f1ar su posicionamiento estrat\u00e9gico, dinamizar su visi\u00f3n de negocio, y contribuir a su desarrollo y expansi\u00f3n (capitalizaci\u00f3n, profesionalizaci\u00f3n y asesoramiento) para que su valor aumente.<\/p>\n","protected":false},"excerpt":{"rendered":"<p>El capital riesgo agrupa diferentes entidades especializadas, que desarrollan su actividad mediante la aportaci\u00f3n de capital de forma temporal a determinadas empresas<\/p>\n","protected":false},"featured_media":73,"comment_status":"open","ping_status":"closed","template":"","meta":{"_EventAllDay":false,"_EventTimezone":"","_EventStartDate":"","_EventEndDate":"","_EventStartDateUTC":"","_EventEndDateUTC":"","_EventShowMap":false,"_EventShowMapLink":false,"_EventURL":"","_EventCost":"","_EventCostDescription":"","_EventCurrencySymbol":"","_EventCurrencyCode":"","_EventCurrencyPosition":"","_EventDateTimeSeparator":"","_EventTimeRangeSeparator":"","_EventOrganizerID":[],"_EventVenueID":[],"_OrganizerEmail":"","_OrganizerPhone":"","_OrganizerWebsite":"","_VenueAddress":"","_VenueCity":"","_VenueCountry":"","_VenueProvince":"","_VenueState":"","_VenueZip":"","_VenuePhone":"","_VenueURL":"","_VenueStateProvince":"","_VenueLat":"","_VenueLng":"","_VenueShowMap":false,"_VenueShowMapLink":false},"product_brand":[],"product_cat":[22,21],"product_tag":[],"class_list":{"0":"post-44","1":"product","2":"type-product","3":"status-publish","4":"has-post-thumbnail","6":"product_cat-libros","7":"product_cat-publicaciones","9":"first","10":"instock","11":"shipping-taxable","12":"purchasable","13":"product-type-simple"},"_links":{"self":[{"href":"https:\/\/febf.org\/tienda\/wp-json\/wp\/v2\/product\/44","targetHints":{"allow":["GET"]}}],"collection":[{"href":"https:\/\/febf.org\/tienda\/wp-json\/wp\/v2\/product"}],"about":[{"href":"https:\/\/febf.org\/tienda\/wp-json\/wp\/v2\/types\/product"}],"replies":[{"embeddable":true,"href":"https:\/\/febf.org\/tienda\/wp-json\/wp\/v2\/comments?post=44"}],"wp:featuredmedia":[{"embeddable":true,"href":"https:\/\/febf.org\/tienda\/wp-json\/wp\/v2\/media\/73"}],"wp:attachment":[{"href":"https:\/\/febf.org\/tienda\/wp-json\/wp\/v2\/media?parent=44"}],"wp:term":[{"taxonomy":"product_brand","embeddable":true,"href":"https:\/\/febf.org\/tienda\/wp-json\/wp\/v2\/product_brand?post=44"},{"taxonomy":"product_cat","embeddable":true,"href":"https:\/\/febf.org\/tienda\/wp-json\/wp\/v2\/product_cat?post=44"},{"taxonomy":"product_tag","embeddable":true,"href":"https:\/\/febf.org\/tienda\/wp-json\/wp\/v2\/product_tag?post=44"}],"curies":[{"name":"wp","href":"https:\/\/api.w.org\/{rel}","templated":true}]}}