{"id":45,"date":"2025-03-03T13:01:41","date_gmt":"2025-03-03T12:01:41","guid":{"rendered":"http:\/\/tiendafebf.local\/?post_type=product&#038;p=45"},"modified":"2025-03-06T11:08:24","modified_gmt":"2025-03-06T10:08:24","slug":"analisis-empirico-de-los-precios-al-contado-de-la-naranja-y-la-clementina","status":"publish","type":"product","link":"https:\/\/febf.org\/tienda\/producto\/analisis-empirico-de-los-precios-al-contado-de-la-naranja-y-la-clementina\/","title":{"rendered":"An\u00e1lisis Emp\u00edrico de los Precios al contado de la naranja y la clementina"},"content":{"rendered":"<p>Los agentes econ\u00f3micos implicados en el mercado de futuros necesitan el mayor grado de informaci\u00f3n posible sobre todas las variables que intervienen en la formaci\u00f3n de los precios del mercado al contado por diversos motivos.<\/p>\n","protected":false},"excerpt":{"rendered":"<p>Los agentes econ\u00f3micos implicados en el mercado de futuros necesitan el mayor grado de informaci\u00f3n posible sobre todas las variables que intervienen en la formaci\u00f3n&#8230;<\/p>\n","protected":false},"featured_media":74,"comment_status":"open","ping_status":"closed","template":"","meta":{"_EventAllDay":false,"_EventTimezone":"","_EventStartDate":"","_EventEndDate":"","_EventStartDateUTC":"","_EventEndDateUTC":"","_EventShowMap":false,"_EventShowMapLink":false,"_EventURL":"","_EventCost":"","_EventCostDescription":"","_EventCurrencySymbol":"","_EventCurrencyCode":"","_EventCurrencyPosition":"","_EventDateTimeSeparator":"","_EventTimeRangeSeparator":"","_EventOrganizerID":[],"_EventVenueID":[],"_OrganizerEmail":"","_OrganizerPhone":"","_OrganizerWebsite":"","_VenueAddress":"","_VenueCity":"","_VenueCountry":"","_VenueProvince":"","_VenueState":"","_VenueZip":"","_VenuePhone":"","_VenueURL":"","_VenueStateProvince":"","_VenueLat":"","_VenueLng":"","_VenueShowMap":false,"_VenueShowMapLink":false},"product_brand":[],"product_cat":[22,21],"product_tag":[],"class_list":{"0":"post-45","1":"product","2":"type-product","3":"status-publish","4":"has-post-thumbnail","6":"product_cat-libros","7":"product_cat-publicaciones","8":"pa_libros-libros","10":"first","11":"instock","12":"shipping-taxable","13":"purchasable","14":"product-type-simple"},"_links":{"self":[{"href":"https:\/\/febf.org\/tienda\/wp-json\/wp\/v2\/product\/45","targetHints":{"allow":["GET"]}}],"collection":[{"href":"https:\/\/febf.org\/tienda\/wp-json\/wp\/v2\/product"}],"about":[{"href":"https:\/\/febf.org\/tienda\/wp-json\/wp\/v2\/types\/product"}],"replies":[{"embeddable":true,"href":"https:\/\/febf.org\/tienda\/wp-json\/wp\/v2\/comments?post=45"}],"wp:featuredmedia":[{"embeddable":true,"href":"https:\/\/febf.org\/tienda\/wp-json\/wp\/v2\/media\/74"}],"wp:attachment":[{"href":"https:\/\/febf.org\/tienda\/wp-json\/wp\/v2\/media?parent=45"}],"wp:term":[{"taxonomy":"product_brand","embeddable":true,"href":"https:\/\/febf.org\/tienda\/wp-json\/wp\/v2\/product_brand?post=45"},{"taxonomy":"product_cat","embeddable":true,"href":"https:\/\/febf.org\/tienda\/wp-json\/wp\/v2\/product_cat?post=45"},{"taxonomy":"product_tag","embeddable":true,"href":"https:\/\/febf.org\/tienda\/wp-json\/wp\/v2\/product_tag?post=45"}],"curies":[{"name":"wp","href":"https:\/\/api.w.org\/{rel}","templated":true}]}}