{"id":50,"date":"2025-03-03T13:01:41","date_gmt":"2025-03-03T12:01:41","guid":{"rendered":"http:\/\/tiendafebf.local\/?post_type=product&#038;p=50"},"modified":"2025-03-03T13:01:54","modified_gmt":"2025-03-03T12:01:54","slug":"glosario-de-terminos-bursatiles-y-financieros","status":"publish","type":"product","link":"https:\/\/febf.org\/tienda\/producto\/glosario-de-terminos-bursatiles-y-financieros\/","title":{"rendered":"Glosario de t\u00e9rminos Burs\u00e1tiles y Financieros"},"content":{"rendered":"<p>El Glosario de T\u00e9rminos Burs\u00e1tiles y Financieros es una herramienta \u00fatil y actualizada para conocer con precisi\u00f3n la terminolog\u00eda anteriormente mencionada.<\/p>\n","protected":false},"excerpt":{"rendered":"<p>Los mercados financieros, evolucionan a pasos agigantados y con ellos su terminolog\u00eda espec\u00edfica. El proceso de globalizaci\u00f3n, desintermediaci\u00f3n e innovaci\u00f3n financiera ha conllevado la incorporaci\u00f3n&#8230;<\/p>\n","protected":false},"featured_media":79,"comment_status":"open","ping_status":"closed","template":"","meta":{"_EventAllDay":false,"_EventTimezone":"","_EventStartDate":"","_EventEndDate":"","_EventStartDateUTC":"","_EventEndDateUTC":"","_EventShowMap":false,"_EventShowMapLink":false,"_EventURL":"","_EventCost":"","_EventCostDescription":"","_EventCurrencySymbol":"","_EventCurrencyCode":"","_EventCurrencyPosition":"","_EventDateTimeSeparator":"","_EventTimeRangeSeparator":"","_EventOrganizerID":[],"_EventVenueID":[],"_OrganizerEmail":"","_OrganizerPhone":"","_OrganizerWebsite":"","_VenueAddress":"","_VenueCity":"","_VenueCountry":"","_VenueProvince":"","_VenueState":"","_VenueZip":"","_VenuePhone":"","_VenueURL":"","_VenueStateProvince":"","_VenueLat":"","_VenueLng":"","_VenueShowMap":false,"_VenueShowMapLink":false},"product_brand":[],"product_cat":[23,21],"product_tag":[],"class_list":{"0":"post-50","1":"product","2":"type-product","3":"status-publish","4":"has-post-thumbnail","6":"product_cat-diccionarios","7":"product_cat-publicaciones","9":"first","10":"instock","11":"shipping-taxable","12":"purchasable","13":"product-type-simple"},"_links":{"self":[{"href":"https:\/\/febf.org\/tienda\/wp-json\/wp\/v2\/product\/50","targetHints":{"allow":["GET"]}}],"collection":[{"href":"https:\/\/febf.org\/tienda\/wp-json\/wp\/v2\/product"}],"about":[{"href":"https:\/\/febf.org\/tienda\/wp-json\/wp\/v2\/types\/product"}],"replies":[{"embeddable":true,"href":"https:\/\/febf.org\/tienda\/wp-json\/wp\/v2\/comments?post=50"}],"wp:featuredmedia":[{"embeddable":true,"href":"https:\/\/febf.org\/tienda\/wp-json\/wp\/v2\/media\/79"}],"wp:attachment":[{"href":"https:\/\/febf.org\/tienda\/wp-json\/wp\/v2\/media?parent=50"}],"wp:term":[{"taxonomy":"product_brand","embeddable":true,"href":"https:\/\/febf.org\/tienda\/wp-json\/wp\/v2\/product_brand?post=50"},{"taxonomy":"product_cat","embeddable":true,"href":"https:\/\/febf.org\/tienda\/wp-json\/wp\/v2\/product_cat?post=50"},{"taxonomy":"product_tag","embeddable":true,"href":"https:\/\/febf.org\/tienda\/wp-json\/wp\/v2\/product_tag?post=50"}],"curies":[{"name":"wp","href":"https:\/\/api.w.org\/{rel}","templated":true}]}}