{"id":631,"date":"2025-11-13T09:02:36","date_gmt":"2025-11-13T08:02:36","guid":{"rendered":"https:\/\/febf.org\/tienda\/?post_type=product&#038;p=631"},"modified":"2025-11-13T09:48:02","modified_gmt":"2025-11-13T08:48:02","slug":"asesoramiento-financiero-profesional-psap-online-24-7","status":"publish","type":"product","link":"https:\/\/febf.org\/tienda\/producto\/asesoramiento-financiero-profesional-psap-online-24-7\/","title":{"rendered":"Asesoramiento Financiero Profesional (PSAP) Online 24\/7"},"content":{"rendered":"<p><span style=\"font-weight: 400;\">El programa de <\/span><b>Asesoramiento Financiero Profesional (PSAP)<\/b><span style=\"font-weight: 400;\"> de la <\/span><b>FEBF<\/b><span style=\"font-weight: 400;\"> capacita a los profesionales para ofrecer un servicio de asesoramiento financiero de excelencia, alineado con los m\u00e1s altos est\u00e1ndares del sector. Proporciona la formaci\u00f3n necesaria para la certificaci\u00f3n <\/span><b>\u00a0European Financial Advisor (EFA) de EFPA<\/b><span style=\"font-weight: 400;\">, combinando rigor t\u00e9cnico y \u00e9tica profesional en la gesti\u00f3n del ahorro y la inversi\u00f3n, con especial atenci\u00f3n a la rentabilidad, la seguridad y el cumplimiento normativo.<\/span><\/p>\n<ul>\n<li>M\u00d3DULO 1.- Instrumentos y mercados financieros<\/li>\n<li>M\u00d3DULO 2.- Fondos y Sociedades de inversi\u00f3n mobiliaria<\/li>\n<li>M\u00d3DULO 3.- Gesti\u00f3n de Carteras<\/li>\n<li>M\u00d3DULO 4.- Seguros<\/li>\n<li>M\u00d3DULO 5.- Pensiones y Planificaci\u00f3n de Jubilaci\u00f3n<\/li>\n<li>M\u00d3DULO 6.- Inversi\u00f3n Inmobiliaria<\/li>\n<li>M\u00d3DULO 7.- Cr\u00e9dito y Financiaci\u00f3n<\/li>\n<li>M\u00d3DULO 8.- Fiscalidad<\/li>\n<li>M\u00d3DULO 9.- Cumplimiento normativo y regulador<\/li>\n<li>M\u00d3DULO 10.- Asesoramiento y Planificaci\u00f3n Financiera<\/li>\n<\/ul>\n","protected":false},"excerpt":{"rendered":"<p><span style=\"font-weight: 400;\">El programa <\/span><b>Asesoramiento Financiero Profesional (PSAP)<\/b><span style=\"font-weight: 400;\"> de la <\/span><b>FEBF<\/b><span style=\"font-weight: 400;\"> capacita a los profesionales para ofrecer un servicio de asesoramiento financiero de excelencia. Proporciona la formaci\u00f3n necesaria para la <strong>certificaci\u00f3n EFA (European Financial Advisor) de EFPA<\/strong> Espa\u00f1a.<\/span><\/p>\n","protected":false},"featured_media":636,"comment_status":"open","ping_status":"closed","template":"","meta":{"_EventAllDay":false,"_EventTimezone":"","_EventStartDate":"","_EventEndDate":"","_EventStartDateUTC":"","_EventEndDateUTC":"","_EventShowMap":false,"_EventShowMapLink":false,"_EventURL":"","_EventCost":"","_EventCostDescription":"","_EventCurrencySymbol":"","_EventCurrencyCode":"","_EventCurrencyPosition":"","_EventDateTimeSeparator":"","_EventTimeRangeSeparator":"","_EventOrganizerID":[],"_EventVenueID":[],"_OrganizerEmail":"","_OrganizerPhone":"","_OrganizerWebsite":"","_VenueAddress":"","_VenueCity":"","_VenueCountry":"","_VenueProvince":"","_VenueState":"","_VenueZip":"","_VenuePhone":"","_VenueURL":"","_VenueStateProvince":"","_VenueLat":"","_VenueLng":"","_VenueShowMap":false,"_VenueShowMapLink":false},"product_brand":[],"product_cat":[15,18,19],"product_tag":[],"class_list":{"0":"post-631","1":"product","2":"type-product","3":"status-publish","4":"has-post-thumbnail","6":"product_cat-sin-categorizar","7":"product_cat-cursos","8":"product_cat-online","10":"first","11":"instock","12":"shipping-taxable","13":"purchasable","14":"product-type-simple"},"_links":{"self":[{"href":"https:\/\/febf.org\/tienda\/wp-json\/wp\/v2\/product\/631","targetHints":{"allow":["GET"]}}],"collection":[{"href":"https:\/\/febf.org\/tienda\/wp-json\/wp\/v2\/product"}],"about":[{"href":"https:\/\/febf.org\/tienda\/wp-json\/wp\/v2\/types\/product"}],"replies":[{"embeddable":true,"href":"https:\/\/febf.org\/tienda\/wp-json\/wp\/v2\/comments?post=631"}],"wp:featuredmedia":[{"embeddable":true,"href":"https:\/\/febf.org\/tienda\/wp-json\/wp\/v2\/media\/636"}],"wp:attachment":[{"href":"https:\/\/febf.org\/tienda\/wp-json\/wp\/v2\/media?parent=631"}],"wp:term":[{"taxonomy":"product_brand","embeddable":true,"href":"https:\/\/febf.org\/tienda\/wp-json\/wp\/v2\/product_brand?post=631"},{"taxonomy":"product_cat","embeddable":true,"href":"https:\/\/febf.org\/tienda\/wp-json\/wp\/v2\/product_cat?post=631"},{"taxonomy":"product_tag","embeddable":true,"href":"https:\/\/febf.org\/tienda\/wp-json\/wp\/v2\/product_tag?post=631"}],"curies":[{"name":"wp","href":"https:\/\/api.w.org\/{rel}","templated":true}]}}